{"id":1665,"date":"2026-04-18T20:43:07","date_gmt":"2026-04-18T23:43:07","guid":{"rendered":"https:\/\/www.gymbattery.cl\/?post_type=product&#038;p=1665"},"modified":"2026-04-18T20:58:22","modified_gmt":"2026-04-18T23:58:22","slug":"plan-sin-coach","status":"publish","type":"product","link":"https:\/\/www.gymbattery.cl\/index.php\/producto\/plan-sin-coach\/","title":{"rendered":"Plan Sin Coach"},"content":{"rendered":"<p><em style=\"color: #2ecc71;\"><small>(Paga en 12 cuotas fijas de $40.000 con tu tarjeta de cr\u00e9dito)<\/small><\/em><\/p>\n<p data-path-to-node=\"1\">Este plan est\u00e1 dise\u00f1ado para personas con experiencia que prefieren entrenar de manera aut\u00f3noma y a su propio ritmo. Ofrece un entorno ideal para quienes buscan un espacio tranquilo y funcional, garantizando una experiencia fluida al realizar sus rutinas personales sin las distracciones ni las aglomeraciones de un gimnasio convencional. Es la opci\u00f3n perfecta para el usuario autodidacta que valora la comodidad, el orden y el acceso eficiente al equipamiento.<\/p>\n<p data-path-to-node=\"2\"><b data-path-to-node=\"2\" data-index-in-node=\"0\">Horarios de acceso:<\/b><\/p>\n<ul data-path-to-node=\"3\">\n<li>\n<p data-path-to-node=\"3,0,0\"><b data-path-to-node=\"3,0,0\" data-index-in-node=\"0\">Lunes a viernes:<\/b> de 7:30 a 18:00 hrs.<\/p>\n<\/li>\n<li>\n<p data-path-to-node=\"3,1,0\"><b data-path-to-node=\"3,1,0\" data-index-in-node=\"0\">S\u00e1bados:<\/b> de 10:00 a 14:00 hrs.<\/p>\n<\/li>\n<\/ul>\n<p><strong>ESTE PLAN INCLUYE MATR\u00cdCULA GRATIS<\/strong><\/p>\n<p>&nbsp;<\/p>\n","protected":false},"excerpt":{"rendered":"<p><em style=\"color: #2ecc71;\"><small>(Paga en 12 cuotas fijas de $40.000 con tu tarjeta de cr\u00e9dito)<\/small><\/em><\/p>\n<p data-path-to-node=\"1\">Este plan est\u00e1 dise\u00f1ado para personas con experiencia que prefieren entrenar de manera aut\u00f3noma y a su propio ritmo. Ofrece un entorno ideal para quienes buscan un espacio tranquilo y funcional, garantizando una experiencia fluida al realizar sus rutinas personales sin las distracciones ni las aglomeraciones de un gimnasio convencional. Es la opci\u00f3n perfecta para el usuario autodidacta que valora la comodidad, el orden y el acceso eficiente al equipamiento.<\/p>\n<p data-path-to-node=\"2\"><b data-path-to-node=\"2\" data-index-in-node=\"0\">Horarios de acceso:<\/b><\/p>\n<ul data-path-to-node=\"3\">\n<li>\n<p data-path-to-node=\"3,0,0\"><b data-path-to-node=\"3,0,0\" data-index-in-node=\"0\">Lunes a viernes:<\/b> de 7:30 a 18:00 hrs.<\/p>\n<\/li>\n<li>\n<p data-path-to-node=\"3,1,0\"><b data-path-to-node=\"3,1,0\" data-index-in-node=\"0\">S\u00e1bados:<\/b> de 10:00 a 14:00 hrs.<\/p>\n<\/li>\n<\/ul>\n<p><strong>ESTE PLAN INCLUYE MATR\u00cdCULA GRATIS<\/strong><\/p>\n<p>&nbsp;<\/p>\n","protected":false},"featured_media":1667,"template":"","meta":{"site-sidebar-layout":"default","site-content-layout":"","ast-site-content-layout":"default","site-content-style":"default","site-sidebar-style":"default","ast-global-header-display":"","ast-banner-title-visibility":"","ast-main-header-display":"","ast-hfb-above-header-display":"","ast-hfb-below-header-display":"","ast-hfb-mobile-header-display":"","site-post-title":"","ast-breadcrumbs-content":"","ast-featured-img":"","footer-sml-layout":"","ast-disable-related-posts":"","theme-transparent-header-meta":"default","adv-header-id-meta":"","stick-header-meta":"","header-above-stick-meta":"","header-main-stick-meta":"","header-below-stick-meta":"","astra-migrate-meta-layouts":"set","ast-page-background-enabled":"default","ast-page-background-meta":{"desktop":{"background-color":"var(--ast-global-color-5)","background-image":"","background-repeat":"repeat","background-position":"center center","background-size":"auto","background-attachment":"scroll","background-type":"","background-media":"","overlay-type":"","overlay-color":"","overlay-opacity":"","overlay-gradient":""},"tablet":{"background-color":"","background-image":"","background-repeat":"repeat","background-position":"center center","background-size":"auto","background-attachment":"scroll","background-type":"","background-media":"","overlay-type":"","overlay-color":"","overlay-opacity":"","overlay-gradient":""},"mobile":{"background-color":"","background-image":"","background-repeat":"repeat","background-position":"center center","background-size":"auto","background-attachment":"scroll","background-type":"","background-media":"","overlay-type":"","overlay-color":"","overlay-opacity":"","overlay-gradient":""}},"ast-content-background-meta":{"desktop":{"background-color":"var(--ast-global-color-4)","background-image":"","background-repeat":"repeat","background-position":"center center","background-size":"auto","background-attachment":"scroll","background-type":"","background-media":"","overlay-type":"","overlay-color":"","overlay-opacity":"","overlay-gradient":""},"tablet":{"background-color":"var(--ast-global-color-4)","background-image":"","background-repeat":"repeat","background-position":"center center","background-size":"auto","background-attachment":"scroll","background-type":"","background-media":"","overlay-type":"","overlay-color":"","overlay-opacity":"","overlay-gradient":""},"mobile":{"background-color":"var(--ast-global-color-4)","background-image":"","background-repeat":"repeat","background-position":"center center","background-size":"auto","background-attachment":"scroll","background-type":"","background-media":"","overlay-type":"","overlay-color":"","overlay-opacity":"","overlay-gradient":""}}},"product_brand":[],"product_cat":[21],"product_tag":[],"class_list":{"0":"post-1665","1":"product","2":"type-product","3":"status-publish","4":"has-post-thumbnail","6":"product_cat-planes","7":"desktop-align-left","8":"tablet-align-left","9":"mobile-align-left","11":"first","12":"instock","13":"virtual","14":"purchasable","15":"product-type-simple"},"_links":{"self":[{"href":"https:\/\/www.gymbattery.cl\/index.php\/wp-json\/wp\/v2\/product\/1665","targetHints":{"allow":["GET"]}}],"collection":[{"href":"https:\/\/www.gymbattery.cl\/index.php\/wp-json\/wp\/v2\/product"}],"about":[{"href":"https:\/\/www.gymbattery.cl\/index.php\/wp-json\/wp\/v2\/types\/product"}],"wp:featuredmedia":[{"embeddable":true,"href":"https:\/\/www.gymbattery.cl\/index.php\/wp-json\/wp\/v2\/media\/1667"}],"wp:attachment":[{"href":"https:\/\/www.gymbattery.cl\/index.php\/wp-json\/wp\/v2\/media?parent=1665"}],"wp:term":[{"taxonomy":"product_brand","embeddable":true,"href":"https:\/\/www.gymbattery.cl\/index.php\/wp-json\/wp\/v2\/product_brand?post=1665"},{"taxonomy":"product_cat","embeddable":true,"href":"https:\/\/www.gymbattery.cl\/index.php\/wp-json\/wp\/v2\/product_cat?post=1665"},{"taxonomy":"product_tag","embeddable":true,"href":"https:\/\/www.gymbattery.cl\/index.php\/wp-json\/wp\/v2\/product_tag?post=1665"}],"curies":[{"name":"wp","href":"https:\/\/api.w.org\/{rel}","templated":true}]}}